{"id":153,"date":"2021-01-27T16:13:20","date_gmt":"2021-01-27T15:13:20","guid":{"rendered":"https:\/\/bruyen.com\/?post_type=product&#038;p=153"},"modified":"2026-04-07T11:58:26","modified_gmt":"2026-04-07T09:58:26","slug":"assemblage-elegant","status":"publish","type":"product","link":"https:\/\/bruyen.com\/?product=assemblage-elegant","title":{"rendered":"Assemblage El\u00e9gant"},"content":{"rendered":"<p><em><strong>Nos cuv\u00e9es: Assemblage \u00e9l\u00e9gant<\/strong><\/em><\/p>\n<p>Ici, vous pourrez trouver notre <a href=\"https:\/\/bruyen.com\/produit\/lieu-dit-le-verre-de-vin\/\">cuv\u00e9e Parcellaire Verre de Vin<\/a> d&rsquo;une vigne plant\u00e9e en 1940<\/p>\n<p>Qu&rsquo;est-ce qu&rsquo;un Champagne <a href=\"https:\/\/champfrance.fr\/quest-ce-quun-champagne-millesime\/#:~:text=Le%20champagne%20mill%C3%A9sim%C3%A9%2C%20aussi%20appel%C3%A9,d'une%20r%C3%A9colte%20particuli%C3%A8rement%20sup%C3%A9rieure.\">Mill\u00e9sim\u00e9<\/a> ?<\/p>\n<p>Nos 6 cuv\u00e9es disponible \u00e0 la vente aussi bien \u00e0 la boutique Rue libergier 51100 Reims qu&rsquo;en exp\u00e9dition:<br \/>\n<a href=\"https:\/\/bruyen.com\/produit\/selection-meunier\/\">S\u00e9lection Meunier<\/a> \/ Vendange 2022<br \/>\n<a href=\"https:\/\/bruyen.com\/produit\/rose-heritage\/\">Ros\u00e9 H\u00e9ritage<\/a> \/ Vendange 2023<br \/>\n<a href=\"https:\/\/bruyen.com\/produit\/grande-reserve\/\">Grande R\u00e9serve<\/a> \/ Vendange 2019<br \/>\n<a href=\"https:\/\/bruyen.com\/produit\/blanc-de-blancs\/\">Blanc de Blancs<\/a> \/ Vendange 2022<br \/>\n<a href=\"https:\/\/bruyen.com\/produit\/assemblage-elegant\/\">Assemblage \u00e9l\u00e9gant<\/a> \/ Vendange 2020<br \/>\nParcellaire lieu-dit <a href=\"https:\/\/bruyen.com\/produit\/lieu-dit-le-verre-de-vin\/\">Le Verre de Vin<\/a> \/ Vendange 2019<\/p>\n<p><strong>Terroir\u00a0: <\/strong>Vall\u00e9e de la Marne<\/p>\n<p><strong>Sol\u00a0:<\/strong> Argilo-sableux sur craie profonde<\/p>\n<p><strong>Assemblage :<\/strong> 50% Pinot Meunier, 50% Chardonnay<\/p>\n<p><strong>Fermentation\u00a0: <\/strong>Malolactique 100%<\/p>\n<p><strong>Elevage\u00a0<\/strong>: Fut de ch\u00eane 6 mois (Chardonnay)<\/p>\n<p><strong>Vendange : <\/strong>2020<\/p>\n<p><strong>Dosage <\/strong>: <strong>EXTRA-BRUT\u00a0:<\/strong> 5 g\/litre<\/p>\n<p><strong>Degr\u00e9 alcoolique<\/strong> : 12% vol<\/p>\n<p><strong>Garde<\/strong> : Maintenant et jusqu\u2019\u00e0 2 ans<\/p>\n<p><em><strong>Notre cuv\u00e9e Assemblage \u00e9l\u00e9gant :<\/strong><\/em><\/p>\n<p>L&rsquo;assemblage \u00e9l\u00e9gant combine 2 des 3 c\u00e9pages principaux de la Champagne. D&rsquo;une part, il contient 50% de Chardonnay avec son aspect min\u00e9ral et floral et d&rsquo;une autre part il contient 50% de Pinot Meunier marqu\u00e9 par sa rondeur.<\/p>\n<p>Cette cuv\u00e9e est un mill\u00e9sime de 2020, nous s\u00e9lectionnons nos plus belles parcelles et grappe de raisin afin de produire ces bouteilles.<br \/>\nMarqu\u00e9 par sa rondeur et sa longueur en bouche, vous aurez un bouquet d&rsquo;expressions d&rsquo;ar\u00f4mes magnifiques en fin de bouche (note de pamplemousses, de brioches)<\/p>\n<p>Le Chardonnay \u00e0 \u00e9t\u00e9 vieilli 6 mois en f\u00fbt de ch\u00eane afin d&rsquo;affiner nos assemblages et d&rsquo;obtenir des notes subtiles de bois\u00e9 en bouche.<br \/>\nCe proc\u00e9d\u00e9 de vinification a \u00e9galement permis d&rsquo;apporter du caract\u00e8re et une nouvelle structure au vin.<br \/>\nSachant que le Chardonnay est le c\u00e9page id\u00e9al pour le vieillissement.<\/p>\n<p>En cas de questions ou si vous avez besoin d&rsquo;un compl\u00e9ment d&rsquo;informations, n&rsquo;h\u00e9sitez pas \u00e0 nous contacter \u00e0 champagne@bruyen.com ou au <a href=\"https:\/\/www.google.com\/search?gs_ssp=eJzj4tVP1zc0LEo2L0nOKjEyYLRSNagwMU-1NDcxBVLmyQYGBoZWBhXmFslpBsaWicYpZimGaammXgLJGYm5BYnpeakKSUWllal5ANoYFWo&amp;q=champagne+bruyen&amp;rlz=1C1GCEA_enFR1024FR1024&amp;oq=champ&amp;gs_lcrp=EgZjaHJvbWUqDwgDEC4YJxivARjHARiKBTIGCAAQRRg8MgYIARBFGDsyBggCEEUYOzIPCAMQLhgnGK8BGMcBGIoFMgYIBBBFGDkyBggFEEUYPDIGCAYQRRg9MgYIBxBFGD3SAQgyMjkxajBqN6gCALACAA&amp;sourceid=chrome&amp;ie=UTF-8#\" data-dtype=\"d3ph\" data-local-attribute=\"d3ph\" data-ved=\"2ahUKEwjrhsDpj9KAAxWvTaQEHWFfD88QkAgoAHoECCgQAw\"><span aria-label=\"Appeler le 06 70 62 69 94\">06 70 62 69 94<\/span><\/a><span aria-label=\"Appeler le 06 70 62 69 94\">.<\/span><\/p>\n","protected":false},"excerpt":{"rendered":"<p>Nos cuv\u00e9es: Assemblage \u00e9l\u00e9gant Ici, vous pourrez trouver notre cuv\u00e9e Parcellaire Verre de Vin d&rsquo;une vigne plant\u00e9e en 1940 Qu&rsquo;est-ce qu&rsquo;un Champagne Mill\u00e9sim\u00e9 ? Nos 6 cuv\u00e9es disponible \u00e0 la vente aussi bien \u00e0 la boutique Rue libergier 51100 Reims qu&rsquo;en exp\u00e9dition: S\u00e9lection Meunier \/ Vendange 2022 Ros\u00e9 H\u00e9ritage \/ Vendange 2023 Grande R\u00e9serve \/ [&hellip;]<\/p>\n","protected":false},"featured_media":316,"template":"","meta":{"_acf_changed":false},"product_brand":[],"product_cat":[152,29],"product_tag":[],"class_list":{"0":"post-153","1":"product","2":"type-product","3":"status-publish","4":"has-post-thumbnail","6":"product_cat-bouteille","7":"product_cat-bruyen","8":"tm-no-options","10":"first","11":"instock","12":"shipping-taxable","13":"product-type-simple"},"acf":[],"_links":{"self":[{"href":"https:\/\/bruyen.com\/index.php?rest_route=\/wp\/v2\/product\/153","targetHints":{"allow":["GET"]}}],"collection":[{"href":"https:\/\/bruyen.com\/index.php?rest_route=\/wp\/v2\/product"}],"about":[{"href":"https:\/\/bruyen.com\/index.php?rest_route=\/wp\/v2\/types\/product"}],"version-history":[{"count":30,"href":"https:\/\/bruyen.com\/index.php?rest_route=\/wp\/v2\/product\/153\/revisions"}],"predecessor-version":[{"id":2506,"href":"https:\/\/bruyen.com\/index.php?rest_route=\/wp\/v2\/product\/153\/revisions\/2506"}],"wp:featuredmedia":[{"embeddable":true,"href":"https:\/\/bruyen.com\/index.php?rest_route=\/wp\/v2\/media\/316"}],"wp:attachment":[{"href":"https:\/\/bruyen.com\/index.php?rest_route=%2Fwp%2Fv2%2Fmedia&parent=153"}],"wp:term":[{"taxonomy":"product_brand","embeddable":true,"href":"https:\/\/bruyen.com\/index.php?rest_route=%2Fwp%2Fv2%2Fproduct_brand&post=153"},{"taxonomy":"product_cat","embeddable":true,"href":"https:\/\/bruyen.com\/index.php?rest_route=%2Fwp%2Fv2%2Fproduct_cat&post=153"},{"taxonomy":"product_tag","embeddable":true,"href":"https:\/\/bruyen.com\/index.php?rest_route=%2Fwp%2Fv2%2Fproduct_tag&post=153"}],"curies":[{"name":"wp","href":"https:\/\/api.w.org\/{rel}","templated":true}]}}