{"id":149,"date":"2021-01-27T16:12:40","date_gmt":"2021-01-27T15:12:40","guid":{"rendered":"https:\/\/bruyen.com\/?post_type=product&#038;p=149"},"modified":"2026-04-07T12:02:02","modified_gmt":"2026-04-07T10:02:02","slug":"grande-reserve","status":"publish","type":"product","link":"https:\/\/bruyen.com\/?product=grande-reserve","title":{"rendered":"Grande R\u00e9serve"},"content":{"rendered":"<p><em><strong>Nos cuv\u00e9es: Grande R\u00e9serve<\/strong><\/em><\/p>\n<p>Ici, vous pourrez retrouver notre cuv\u00e9e <a href=\"https:\/\/bruyen.com\/produit\/blanc-de-blancs\/\">Blanc de Blancs<\/a><\/p>\n<p>Qu&rsquo;est-ce qu&rsquo;un Champagne <a href=\"https:\/\/champfrance.fr\/quest-ce-quun-champagne-millesime\/#:~:text=Le%20champagne%20mill%C3%A9sim%C3%A9%2C%20aussi%20appel%C3%A9,d'une%20r%C3%A9colte%20particuli%C3%A8rement%20sup%C3%A9rieure.\">Mill\u00e9sim\u00e9<\/a> ?<\/p>\n<p>Nos 6 cuv\u00e9es disponible \u00e0 la vente aussi bien \u00e0 la boutique Rue libergier 51100 Reims qu&rsquo;en exp\u00e9dition:<br \/>\n<a href=\"https:\/\/bruyen.com\/produit\/selection-meunier\/\">S\u00e9lection Meunier<\/a> \/ Vendange 2022<br \/>\n<a href=\"https:\/\/bruyen.com\/produit\/rose-heritage\/\">Ros\u00e9 H\u00e9ritage<\/a> \/ Vendange 2023<br \/>\n<a href=\"https:\/\/bruyen.com\/produit\/grande-reserve\/\">Grande R\u00e9serve<\/a> \/ Vendange 2019<br \/>\n<a href=\"https:\/\/bruyen.com\/produit\/blanc-de-blancs\/\">Blanc de Blancs<\/a> \/ Vendange 2022<br \/>\n<a href=\"https:\/\/bruyen.com\/produit\/assemblage-elegant\/\">Assemblage \u00e9l\u00e9gant<\/a> \/ Vendange 2020<br \/>\nParcellaire lieu-dit <a href=\"https:\/\/bruyen.com\/produit\/lieu-dit-le-verre-de-vin\/\">Le Verre de Vin<\/a> \/ Vendange 2019<\/p>\n<p><strong>Terroir : <\/strong>Vall\u00e9e de l\u2019Ardre (Montagne de Reims expos\u00e9e au Sud)<\/p>\n<p><strong>Sol\u00a0:<\/strong> Argile lourd<\/p>\n<p><strong>Assemblage : <\/strong>50%\u00a0Chardonnay 50% Pinot Noir<\/p>\n<p><strong>Fermentation\u00a0: <\/strong>Malolactique 100%<\/p>\n<p><strong>Vendange : <\/strong>2019<\/p>\n<p><strong>Dosage <\/strong>: <strong>EXTRA-BRUT\u00a0:<\/strong> 4 g\/litre<\/p>\n<p><strong>Degr\u00e9 alcoolique<\/strong> : 12% vol<\/p>\n<p><strong>Garde<\/strong> : A consommer dans l&rsquo;ann\u00e9e<\/p>\n<p>La Grande R\u00e9serve est un mill\u00e9sime de 2019, c&rsquo;est le plus vieux de nos Champagnes parmi la gamme Bruyen.<\/p>\n<p>Ce mill\u00e9sime est compos\u00e9 en proportion \u00e9gale de 50% de Chardonnay qui vient apporter la touche de finesse et de 50% de Pinot Noir qui vient apporter le corps et la puissance.<\/p>\n<p>S\u00e8ches et pleines de caract\u00e8re, les ann\u00e9es de vieillissement qu\u2019elle a effectu\u00e9 en cave donneront \u00e0 ce Champagne des notes de brioche, de fruits secs et de noix avec une pointe de figues m\u00fbres.<\/p>\n<p>Cette cuv\u00e9e se mariera parfaitement lors d&rsquo;un repas avec de la viande blanche ou de la viande rouge. Id\u00e9al pour une soir\u00e9e cocktail entre amateurs de Champagne.<\/p>\n<p>Date limite de consommation sur une ann\u00e9e<\/p>\n<p>En cas de questions, ou besoin d&rsquo;un compl\u00e9ment d&rsquo;informations, n&rsquo;h\u00e9sitez pas \u00e0 nous contacter \u00e0 l&rsquo;adresse champagne@bruyen.com ou au <a href=\"https:\/\/www.google.com\/search?gs_ssp=eJzj4tVP1zc0LEo2L0nOKjEyYLRSNagwMU-1NDcxBVLmyQYGBoZWBhXmFslpBsaWicYpZimGaammXgLJGYm5BYnpeakKSUWllal5ANoYFWo&amp;q=champagne+bruyen&amp;rlz=1C1GCEA_enFR1024FR1024&amp;oq=cham&amp;gs_lcrp=EgZjaHJvbWUqDwgCEC4YJxivARjHARiKBTIGCAAQRRg8MgYIARBFGDsyDwgCEC4YJxivARjHARiKBTIGCAMQRRg7MgYIBBBFGDwyBggFEEUYPTIGCAYQRRg9MgYIBxBFGDzSAQgxNjgwajBqN6gCALACAA&amp;sourceid=chrome&amp;ie=UTF-8#\" data-dtype=\"d3ph\" data-local-attribute=\"d3ph\" data-ved=\"2ahUKEwjOn4Dj19GAAxVRXaQEHc_fA6QQkAgoAHoECCsQAw\"><span aria-label=\"Appeler le 06 70 62 69 94\">06 70 62 69 94<\/span><\/a><\/p>\n<p>&nbsp;<\/p>\n<p>&nbsp;<\/p>\n","protected":false},"excerpt":{"rendered":"<p>Nos cuv\u00e9es: Grande R\u00e9serve Ici, vous pourrez retrouver notre cuv\u00e9e Blanc de Blancs Qu&rsquo;est-ce qu&rsquo;un Champagne Mill\u00e9sim\u00e9 ? Nos 6 cuv\u00e9es disponible \u00e0 la vente aussi bien \u00e0 la boutique Rue libergier 51100 Reims qu&rsquo;en exp\u00e9dition: S\u00e9lection Meunier \/ Vendange 2022 Ros\u00e9 H\u00e9ritage \/ Vendange 2023 Grande R\u00e9serve \/ Vendange 2019 Blanc de Blancs \/ [&hellip;]<\/p>\n","protected":false},"featured_media":318,"template":"","meta":{"_acf_changed":false},"product_brand":[],"product_cat":[152,29],"product_tag":[],"class_list":{"0":"post-149","1":"product","2":"type-product","3":"status-publish","4":"has-post-thumbnail","6":"product_cat-bouteille","7":"product_cat-bruyen","8":"tm-no-options","10":"first","11":"instock","12":"shipping-taxable","13":"product-type-simple"},"acf":[],"_links":{"self":[{"href":"https:\/\/bruyen.com\/index.php?rest_route=\/wp\/v2\/product\/149","targetHints":{"allow":["GET"]}}],"collection":[{"href":"https:\/\/bruyen.com\/index.php?rest_route=\/wp\/v2\/product"}],"about":[{"href":"https:\/\/bruyen.com\/index.php?rest_route=\/wp\/v2\/types\/product"}],"version-history":[{"count":32,"href":"https:\/\/bruyen.com\/index.php?rest_route=\/wp\/v2\/product\/149\/revisions"}],"predecessor-version":[{"id":2508,"href":"https:\/\/bruyen.com\/index.php?rest_route=\/wp\/v2\/product\/149\/revisions\/2508"}],"wp:featuredmedia":[{"embeddable":true,"href":"https:\/\/bruyen.com\/index.php?rest_route=\/wp\/v2\/media\/318"}],"wp:attachment":[{"href":"https:\/\/bruyen.com\/index.php?rest_route=%2Fwp%2Fv2%2Fmedia&parent=149"}],"wp:term":[{"taxonomy":"product_brand","embeddable":true,"href":"https:\/\/bruyen.com\/index.php?rest_route=%2Fwp%2Fv2%2Fproduct_brand&post=149"},{"taxonomy":"product_cat","embeddable":true,"href":"https:\/\/bruyen.com\/index.php?rest_route=%2Fwp%2Fv2%2Fproduct_cat&post=149"},{"taxonomy":"product_tag","embeddable":true,"href":"https:\/\/bruyen.com\/index.php?rest_route=%2Fwp%2Fv2%2Fproduct_tag&post=149"}],"curies":[{"name":"wp","href":"https:\/\/api.w.org\/{rel}","templated":true}]}}