{"id":147,"date":"2021-01-27T16:12:20","date_gmt":"2021-01-27T15:12:20","guid":{"rendered":"https:\/\/bruyen.com\/?post_type=product&#038;p=147"},"modified":"2026-04-07T12:10:07","modified_gmt":"2026-04-07T10:10:07","slug":"blanc-de-blancs","status":"publish","type":"product","link":"https:\/\/bruyen.com\/?product=blanc-de-blancs","title":{"rendered":"Blanc de Blancs"},"content":{"rendered":"<p><em><strong>Nos cuv\u00e9es: Blanc de Blancs<\/strong><\/em><\/p>\n<p>Pour introduire, ici, vous pourrez retrouver notre cuv\u00e9e <a href=\"https:\/\/bruyen.com\/produit\/grande-reserve\/\">Grande R\u00e9serve<\/a><\/p>\n<p>Dans un premier temps, qu&rsquo;est ce qu&rsquo;un Champagne <a href=\"https:\/\/champfrance.fr\/quest-ce-quun-champagne-millesime\/#:~:text=Le%20champagne%20mill%C3%A9sim%C3%A9%2C%20aussi%20appel%C3%A9,d'une%20r%C3%A9colte%20particuli%C3%A8rement%20sup%C3%A9rieure.\">Mill\u00e9sim\u00e9<\/a> ?<\/p>\n<p>Nos 6 cuv\u00e9es disponible \u00e0 la vente aussi bien \u00e0 la boutique Rue libergier 51100 Reims qu&rsquo;en exp\u00e9dition:<br \/>\n<a href=\"https:\/\/bruyen.com\/produit\/selection-meunier\/\">S\u00e9lection Meunier<\/a> \/ Vendange 2022<br \/>\n<a href=\"https:\/\/bruyen.com\/produit\/rose-heritage\/\">Ros\u00e9 H\u00e9ritage<\/a> \/ Vendange 2023<br \/>\n<a href=\"https:\/\/bruyen.com\/produit\/grande-reserve\/\">Grande R\u00e9serve<\/a> \/ Vendange 2019<br \/>\n<a href=\"https:\/\/bruyen.com\/produit\/blanc-de-blancs\/\">Blanc de Blancs<\/a> \/ Vendange 2022<br \/>\n<a href=\"https:\/\/bruyen.com\/produit\/assemblage-elegant\/\">Assemblage \u00e9l\u00e9gant<\/a> \/ Vendange 2020<br \/>\nParcellaire lieu-dit <a href=\"https:\/\/bruyen.com\/produit\/lieu-dit-le-verre-de-vin\/\">Le Verre de Vin<\/a> \/ Vendange 2019<\/p>\n<p>Tout d&rsquo;abord, les caract\u00e9ristiques de notre cuv\u00e9e<br \/>\n<strong>Blanc de Blancs <\/strong>:<\/p>\n<p><strong>Terroir\u00a0: <\/strong>Vall\u00e9e de la Marne, Vall\u00e9e de l\u2019Ardre<\/p>\n<p><strong>Sol\u00a0:<\/strong> Argilo-sableux sur craie profonde, Argile lourd<\/p>\n<p><strong>Assemblage : <\/strong>100% Chardonnay<\/p>\n<p><strong>Fermentation\u00a0: <\/strong>Malolactique 100%<\/p>\n<p><strong>Vendange: <\/strong>2022<\/p>\n<p><strong>Dosage <\/strong>: <span style=\"color: #000000;\"><strong>EXTRA<\/strong>&#8211;<\/span><strong>BRUT\u00a0:<\/strong> 4 g\/litre<\/p>\n<p><strong>Degr\u00e9 alcoolique<\/strong> : 12% vol<\/p>\n<p><strong>Garde<\/strong> : Maintenant et jusqu\u2019\u00e0 2 ans<\/p>\n<p>Pour continuer, notre Blanc de Blancs est un mill\u00e9sime issue de la vendange 2022, c&rsquo;est un vin encore jeune qui promet de belles ann\u00e9es de vieillissement dans nos caves.<\/p>\n<p>Ensuite, comme partout en Champagne, notre Blanc de Blancs est fait \u00e0 base de 100% Chardonnay.<br \/>\nLe Chardonnay, c\u00e9page id\u00e9al pour le vieillissement et marqu\u00e9 par ses notes florales, min\u00e9rales et de fra\u00eecheur.<\/p>\n<p>Puis, vous pourrez retrouver des notes de menthes verte, pamplemousse ainsi que de citron jaune, expression fra\u00eeche et de fines bulles en bouche.<\/p>\n<p>Enfin, cette cuv\u00e9e pourra \u00eatre d\u00e9gust\u00e9e pour toutes les occasions. Id\u00e9ale lors d&rsquo;un ap\u00e9ritif ou pour accompagner avec une vari\u00e9t\u00e9 de poisson tel que le Neuch\u00e2tel.<\/p>\n<p>Pour la derni\u00e8re information: Limite de consommation jusqu&rsquo;\u00e0 2 ans<\/p>\n<p>Pour conclure, en cas de questions, ou de compl\u00e9ment d&rsquo;informations, n&rsquo;h\u00e9sitez pas \u00e0 nous contacter \u00e0 l&rsquo;adresse champagne@bruyen.com ou au <a href=\"https:\/\/www.google.com\/search?gs_ssp=eJzj4tVP1zc0LEo2L0nOKjEyYLRSNagwMU-1NDcxBVLmyQYGBoZWBhXmFslpBsaWicYpZimGaammXgLJGYm5BYnpeakKSUWllal5ANoYFWo&amp;q=champagne+bruyen&amp;rlz=1C1GCEA_enFR1024FR1024&amp;oq=cham&amp;gs_lcrp=EgZjaHJvbWUqDwgCEC4YJxivARjHARiKBTIGCAAQRRg8MgYIARBFGDsyDwgCEC4YJxivARjHARiKBTIGCAMQRRg7MgYIBBBFGDwyBggFEEUYPTIGCAYQRRg9MgYIBxBFGDzSAQgxNjgwajBqN6gCALACAA&amp;sourceid=chrome&amp;ie=UTF-8#\" data-dtype=\"d3ph\" data-local-attribute=\"d3ph\" data-ved=\"2ahUKEwjOn4Dj19GAAxVRXaQEHc_fA6QQkAgoAHoECCsQAw\"><span aria-label=\"Appeler le 06 70 62 69 94\">06 70 62 69 94.<\/span><\/a><\/p>\n","protected":false},"excerpt":{"rendered":"<p>Nos cuv\u00e9es: Blanc de Blancs Pour introduire, ici, vous pourrez retrouver notre cuv\u00e9e Grande R\u00e9serve Dans un premier temps, qu&rsquo;est ce qu&rsquo;un Champagne Mill\u00e9sim\u00e9 ? Nos 6 cuv\u00e9es disponible \u00e0 la vente aussi bien \u00e0 la boutique Rue libergier 51100 Reims qu&rsquo;en exp\u00e9dition: S\u00e9lection Meunier \/ Vendange 2022 Ros\u00e9 H\u00e9ritage \/ Vendange 2023 Grande R\u00e9serve [&hellip;]<\/p>\n","protected":false},"featured_media":317,"template":"","meta":{"_acf_changed":false},"product_brand":[],"product_cat":[152,29],"product_tag":[],"class_list":{"0":"post-147","1":"product","2":"type-product","3":"status-publish","4":"has-post-thumbnail","6":"product_cat-bouteille","7":"product_cat-bruyen","8":"tm-no-options","10":"first","11":"instock","12":"shipping-taxable","13":"product-type-simple"},"acf":[],"_links":{"self":[{"href":"https:\/\/bruyen.com\/index.php?rest_route=\/wp\/v2\/product\/147","targetHints":{"allow":["GET"]}}],"collection":[{"href":"https:\/\/bruyen.com\/index.php?rest_route=\/wp\/v2\/product"}],"about":[{"href":"https:\/\/bruyen.com\/index.php?rest_route=\/wp\/v2\/types\/product"}],"version-history":[{"count":29,"href":"https:\/\/bruyen.com\/index.php?rest_route=\/wp\/v2\/product\/147\/revisions"}],"predecessor-version":[{"id":2509,"href":"https:\/\/bruyen.com\/index.php?rest_route=\/wp\/v2\/product\/147\/revisions\/2509"}],"wp:featuredmedia":[{"embeddable":true,"href":"https:\/\/bruyen.com\/index.php?rest_route=\/wp\/v2\/media\/317"}],"wp:attachment":[{"href":"https:\/\/bruyen.com\/index.php?rest_route=%2Fwp%2Fv2%2Fmedia&parent=147"}],"wp:term":[{"taxonomy":"product_brand","embeddable":true,"href":"https:\/\/bruyen.com\/index.php?rest_route=%2Fwp%2Fv2%2Fproduct_brand&post=147"},{"taxonomy":"product_cat","embeddable":true,"href":"https:\/\/bruyen.com\/index.php?rest_route=%2Fwp%2Fv2%2Fproduct_cat&post=147"},{"taxonomy":"product_tag","embeddable":true,"href":"https:\/\/bruyen.com\/index.php?rest_route=%2Fwp%2Fv2%2Fproduct_tag&post=147"}],"curies":[{"name":"wp","href":"https:\/\/api.w.org\/{rel}","templated":true}]}}