{"id":137,"date":"2021-01-27T15:28:17","date_gmt":"2021-01-27T14:28:17","guid":{"rendered":"https:\/\/bruyen.com\/?post_type=product&#038;p=137"},"modified":"2026-04-07T12:11:25","modified_gmt":"2026-04-07T10:11:25","slug":"lieu-dit-le-verre-de-vin","status":"publish","type":"product","link":"https:\/\/bruyen.com\/?product=lieu-dit-le-verre-de-vin","title":{"rendered":"<span>Parcellaire<span><br>\u00ab\u00a0LE VERRE DE VIN\u00a0\u00bb"},"content":{"rendered":"<p><em><strong>Nos cuv\u00e9es: Cuv\u00e9e parcellaire lieu-dit \u00ab\u00a0Le Verre de Vin\u00a0\u00bb<\/strong><\/em><\/p>\n<p>Premi\u00e8rement, vous pourrez retrouver notre cuv\u00e9e <a href=\"https:\/\/bruyen.com\/produit\/assemblage-elegant\/\">Assemblage \u00e9l\u00e9gant<\/a><\/p>\n<p>Par la suite, qu&rsquo;est-ce qu&rsquo;un Champagne <a href=\"https:\/\/champfrance.fr\/quest-ce-quun-champagne-millesime\/#:~:text=Le%20champagne%20mill%C3%A9sim%C3%A9%2C%20aussi%20appel%C3%A9,d'une%20r%C3%A9colte%20particuli%C3%A8rement%20sup%C3%A9rieure.\">Mill\u00e9sim\u00e9<\/a> ?<\/p>\n<p>Nos 6 cuv\u00e9es disponible \u00e0 la vente aussi bien \u00e0 la boutique Rue libergier 51100 Reims qu&rsquo;en exp\u00e9dition:<br \/>\n<a href=\"https:\/\/bruyen.com\/produit\/selection-meunier\/\">S\u00e9lection Meunier<\/a> \/ Vendange 2022<br \/>\n<a href=\"https:\/\/bruyen.com\/produit\/rose-heritage\/\">Ros\u00e9 H\u00e9ritage<\/a> \/ Vendange 2023<br \/>\n<a href=\"https:\/\/bruyen.com\/produit\/grande-reserve\/\">Grande R\u00e9serve<\/a> \/ Vendange 2019<br \/>\n<a href=\"https:\/\/bruyen.com\/produit\/blanc-de-blancs\/\">Blanc de Blancs<\/a> \/ Vendange 2022<br \/>\n<a href=\"https:\/\/bruyen.com\/produit\/assemblage-elegant\/\">Assemblage \u00e9l\u00e9gant<\/a> \/ Vendange 2020<br \/>\nParcellaire lieu-dit <a href=\"https:\/\/bruyen.com\/produit\/lieu-dit-le-verre-de-vin\/\">Le Verre de Vin<\/a> \/ Vendange 2019<\/p>\n<p>Tout d&rsquo;abord, les caract\u00e9ristiques de notre Cuv\u00e9e Parcellaire lieu-dit <strong>Le Verre de Vin <\/strong>:<\/p>\n<p><strong>Terroir\u00a0: <\/strong>Vall\u00e9e de la Marne<\/p>\n<p><strong>Village : <\/strong>Verneuil<\/p>\n<p><strong>Lieu-dit\u00a0 :<\/strong> Le verre de vin<\/p>\n<p><strong>Sol\u00a0:<\/strong> Argilo-sableux sur craie profonde<\/p>\n<p><strong>Assemblage : <\/strong>100% Pinot Meunier plant\u00e9s en 1940<\/p>\n<p><strong>Fermentation\u00a0: <\/strong>Malolactique 0%<\/p>\n<p><strong>Vinification\u00a0:<\/strong> Fut de ch\u00eane<\/p>\n<p><strong>Elevage\u00a0<\/strong>: 9 mois en fut de ch\u00eane<\/p>\n<p><strong>Vendange : <\/strong>2019<\/p>\n<p><strong>Dosage <\/strong>: BRUT Nature &#8211; O Dosage<\/p>\n<p><strong>Degr\u00e9 alcoolique<\/strong> : 12% vol<\/p>\n<p><strong>Garde<\/strong> : Maintenant et jusqu\u2019\u00e0 2 ans<\/p>\n<p>Pour commencer, le VERRE DE VIN est la quintessence de la tradition. V\u00e9ritable hommage aux m\u00e9thodes champenoises du 20\u00e8me si\u00e8cle, cette cuv\u00e9e en reprend les codes. Pour confectionner ce Champagne exceptionnel, seuls les pinots meunier de notre parcelle de 1940 ont \u00e9t\u00e9 employ\u00e9s.<\/p>\n<p>Brut Nature, il sublimera le go\u00fbt naturel du raisin, et ce sans artifices, pas d&rsquo;ajout de sucres apr\u00e8s le d\u00e9gorgement (Dosage Brut Nature)\u2026<\/p>\n<p>Une explosion de saveurs \u00e0 d\u00e9guster fra\u00eeche.<\/p>\n<p>Enfin, nous souhaitons, \u00e0 travers cette bouteille proposer une expression purement naturelle et laiss\u00e9 t\u00e9moigner la magnifique qualit\u00e9s des terroirs dont nous avons h\u00e9rit\u00e9.<\/p>\n<p>Mais surtout, cette cuv\u00e9e refl\u00e8te parfaitement la philosophie et la vision de la maison Bruyen, savoir-faire traditionnel, passion, libert\u00e9 et surtout respect de l&rsquo;environnement.<\/p>\n<p>Pour conclure, en cas de questions, ou de compl\u00e9ment d&rsquo;informations, n&rsquo;h\u00e9sitez pas \u00e0 nous contacter \u00e0 l&rsquo;adresse champagne@bruyen.com ou au <a href=\"https:\/\/www.google.com\/search?gs_ssp=eJzj4tVP1zc0LEo2L0nOKjEyYLRSNagwMU-1NDcxBVLmyQYGBoZWBhXmFslpBsaWicYpZimGaammXgLJGYm5BYnpeakKSUWllal5ANoYFWo&amp;q=champagne+bruyen&amp;rlz=1C1GCEA_enFR1024FR1024&amp;oq=champ&amp;gs_lcrp=EgZjaHJvbWUqDwgDEC4YJxivARjHARiKBTIGCAAQRRg8MgYIARBFGDsyBggCEEUYOzIPCAMQLhgnGK8BGMcBGIoFMgYIBBBFGDkyBggFEEUYPDIGCAYQRRg9MgYIBxBFGD3SAQgyMjkxajBqN6gCALACAA&amp;sourceid=chrome&amp;ie=UTF-8#\" data-dtype=\"d3ph\" data-local-attribute=\"d3ph\" data-ved=\"2ahUKEwjrhsDpj9KAAxWvTaQEHWFfD88QkAgoAHoECCgQAw\"><span aria-label=\"Appeler le 06 70 62 69 94\">06 70 62 69 94<\/span><\/a><\/p>\n","protected":false},"excerpt":{"rendered":"<p>Nos cuv\u00e9es: Cuv\u00e9e parcellaire lieu-dit \u00ab\u00a0Le Verre de Vin\u00a0\u00bb Premi\u00e8rement, vous pourrez retrouver notre cuv\u00e9e Assemblage \u00e9l\u00e9gant Par la suite, qu&rsquo;est-ce qu&rsquo;un Champagne Mill\u00e9sim\u00e9 ? Nos 6 cuv\u00e9es disponible \u00e0 la vente aussi bien \u00e0 la boutique Rue libergier 51100 Reims qu&rsquo;en exp\u00e9dition: S\u00e9lection Meunier \/ Vendange 2022 Ros\u00e9 H\u00e9ritage \/ Vendange 2023 Grande R\u00e9serve [&hellip;]<\/p>\n","protected":false},"featured_media":313,"template":"","meta":{"_acf_changed":false},"product_brand":[],"product_cat":[152,29],"product_tag":[],"class_list":{"0":"post-137","1":"product","2":"type-product","3":"status-publish","4":"has-post-thumbnail","6":"product_cat-bouteille","7":"product_cat-bruyen","8":"tm-no-options","10":"first","11":"instock","12":"shipping-taxable","13":"product-type-simple"},"acf":[],"_links":{"self":[{"href":"https:\/\/bruyen.com\/index.php?rest_route=\/wp\/v2\/product\/137","targetHints":{"allow":["GET"]}}],"collection":[{"href":"https:\/\/bruyen.com\/index.php?rest_route=\/wp\/v2\/product"}],"about":[{"href":"https:\/\/bruyen.com\/index.php?rest_route=\/wp\/v2\/types\/product"}],"version-history":[{"count":35,"href":"https:\/\/bruyen.com\/index.php?rest_route=\/wp\/v2\/product\/137\/revisions"}],"predecessor-version":[{"id":2510,"href":"https:\/\/bruyen.com\/index.php?rest_route=\/wp\/v2\/product\/137\/revisions\/2510"}],"wp:featuredmedia":[{"embeddable":true,"href":"https:\/\/bruyen.com\/index.php?rest_route=\/wp\/v2\/media\/313"}],"wp:attachment":[{"href":"https:\/\/bruyen.com\/index.php?rest_route=%2Fwp%2Fv2%2Fmedia&parent=137"}],"wp:term":[{"taxonomy":"product_brand","embeddable":true,"href":"https:\/\/bruyen.com\/index.php?rest_route=%2Fwp%2Fv2%2Fproduct_brand&post=137"},{"taxonomy":"product_cat","embeddable":true,"href":"https:\/\/bruyen.com\/index.php?rest_route=%2Fwp%2Fv2%2Fproduct_cat&post=137"},{"taxonomy":"product_tag","embeddable":true,"href":"https:\/\/bruyen.com\/index.php?rest_route=%2Fwp%2Fv2%2Fproduct_tag&post=137"}],"curies":[{"name":"wp","href":"https:\/\/api.w.org\/{rel}","templated":true}]}}