{"id":1825,"date":"2023-02-13T09:12:13","date_gmt":"2023-02-13T08:12:13","guid":{"rendered":"https:\/\/bruyen.com\/?page_id=1825"},"modified":"2025-10-02T13:08:42","modified_gmt":"2025-10-02T11:08:42","slug":"cgv","status":"publish","type":"page","link":"https:\/\/bruyen.com\/?page_id=1825&lang=fr","title":{"rendered":"Conditions G\u00e9n\u00e9rales de Vente"},"content":{"rendered":"<p><\/p><h2 class=\"wp-block-heading has-text-align-center\"><strong>CGV \u2013 FRANCE &#8211; PARTICULIERS ET PROFESSIONNELS<\/strong><\/h2><hr class=\"wp-block-separator has-alpha-channel-opacity\"\/><p><strong>Article 1 : Champ d\u2019application<\/strong><\/p><p>Toutes nos ventes de bouteilles de vin AOC Champagne, de Coteaux Champenois et de Ratafia sont r\u00e9gies par les pr\u00e9sentes conditions g\u00e9n\u00e9rales de vente qui pr\u00e9valent sur toute condition d\u2019achat, sauf stipulation d\u00e9rogatoire expresse.<\/p><p><strong>Article 2 : Prix<\/strong><\/p><p>Les prix applicables sont ceux en vigueur au jour de la prise de commande, et figurent sur le bar\u00e8me ci-contre, libell\u00e9s en euros.<\/p><p>Ils s\u2019entendent \u00ab d\u00e9part cellier \u00bb, le transport \u00e9tant \u00e0 la charge de l\u2019acheteur.<\/p><p>Sauf accord entre les parties, le r\u00e8glement s\u2019effectue \u00e0 la commande.<\/p><p>Si un d\u00e9lai est accord\u00e9, aucun escompte ne sera consenti en cas de paiement anticip\u00e9.<\/p><p>Tout r\u00e8glement intervenant apr\u00e8s la date de paiement figurant sur la facture entra\u00eenera le paiement de p\u00e9nalit\u00e9s de retard dont le montant est \u00e9gal \u00e0 trois fois le taux de l\u2019int\u00e9r\u00eat l\u00e9gal. Ces p\u00e9nalit\u00e9s sont exigibles sans qu\u2019un rappel soit n\u00e9cessaire. En outre, l\u2019ensemble des frais de mise en recouvrement seront mis \u00e0 la charge de l\u2019acheteur.<\/p><p>En application des dispositions l\u00e9gales, tout professionnel en situation de retard de paiement sera d\u00e9biteur \u00e0 l\u2019\u00e9gard du cr\u00e9ancier d\u2019une indemnit\u00e9 forfaitaire de 40 \u20ac pour frais de recouvrement. Toutefois, si les frais de recouvrement sont sup\u00e9rieurs au montant de cette indemnit\u00e9, le cr\u00e9ancier pourra demander une indemnisation suppl\u00e9mentaire, sur justification.<\/p><p><strong>Article 3 : Droit de r\u00e9tractation<\/strong><\/p><p><strong>&#8211; Si le client est un professionnel<\/strong><\/p><p>Aucun droit de r\u00e9tractation ne lui est accord\u00e9.<\/p><p><strong>&#8211; Si le client est un consommateur particulier<\/strong><\/p><p>En cas de vente conclue \u00e0 distance ou hors \u00e9tablissement, le client dispose d\u2019un d\u00e9lai de 14 jours \u00e0 compter du jour de la r\u00e9ception des vins pour se r\u00e9tracter sans motifs ni justifications. Il peut utiliser le formulaire de r\u00e9tractation ci-joint ou formuler sa r\u00e9tractation par tout \u00e9crit.<\/p><p>Le viticulteur remboursera alors le consommateur de tous les paiements re\u00e7us, d\u00e8s r\u00e9ception des biens en retour.<\/p><p>Le viticulteur proc\u00e9dera au remboursement en utilisant le m\u00eame moyen de paiement que celui que le client aura utilis\u00e9 pour la transaction initiale, sauf s&rsquo;il est convenu d&rsquo;un moyen diff\u00e9rent. En tout \u00e9tat de cause, ce remboursement n&rsquo;occasionnera pas de frais pour le client.<\/p><p>Si au moment de la r\u00e9tractation le client a re\u00e7u les bouteilles, il doit les renvoyer \u00e0 l&rsquo;adresse de l&rsquo;exploitation sans retard excessif, et au plus tard quatorze jours apr\u00e8s sa notification de r\u00e9tractation. Ce d\u00e9lai est r\u00e9put\u00e9 respect\u00e9 si le bien est renvoy\u00e9 avant l&rsquo;expiration du d\u00e9lai de quatorze jours.<\/p><p>Les frais directs de renvoi du bien sont \u00e0 la charge du client. Le client devra payer les sommes suivantes :<\/p><ul class=\"wp-block-list\"><li>co\u00fbts directs de renvoi<\/li>\n\n<li>frais suppl\u00e9mentaires de livraison des biens si le client a choisi un mode de livraison plus co\u00fbteux que le mode de livraison propos\u00e9 par le vendeur<\/li><\/ul><p>La responsabilit\u00e9 du client pourra \u00eatre engag\u00e9e en cas de d\u00e9pr\u00e9ciation des biens r\u00e9sultant de manipulations autres que celles n\u00e9cessaires pour \u00e9tablir la nature, les caract\u00e9ristiques et le bon fonctionnement de ces biens.<\/p><p><strong>&#8211; Si la vente a \u00e9t\u00e9 conclue sur une foire ou un salon<\/strong><\/p><p>Le client ne dispose d\u2019aucun droit de r\u00e9tractation.<\/p><p><strong>Article 4 : R\u00e9serve de propri\u00e9t\u00e9<\/strong><\/p><p>Le vendeur conserve la propri\u00e9t\u00e9 des biens vendus jusqu\u2019\u00e0 complet paiement du prix par le client, en principal et accessoires. Toutefois, d\u00e8s la livraison, les risques de perte ou de d\u00e9t\u00e9rioration sont transf\u00e9r\u00e9s \u00e0 l\u2019acheteur.<\/p><p><strong>Article 5 : Livraison et r\u00e9ception des produits<\/strong><\/p><p>La livraison est effectu\u00e9e :<\/p><ul class=\"wp-block-list\"><li>soit par la remise directe de la marchandise \u00e0 l\u2019acheteur&nbsp;;<\/li>\n\n<li>soit au lieu indiqu\u00e9 par l\u2019acheteur sur le bon de commande dans un d\u00e9lai indicatif de 30 jours.<\/li><\/ul><p>Nos vins voyagent aux risques et p\u00e9rils du destinataire, m\u00eame en cas d\u2019exp\u00e9dition franco. Le vendeur ne pourra \u00eatre tenu pour responsable en cas d\u2019avarie, de perte, de vol ou de colis d\u00e9fectueux. En cons\u00e9quence, les clients sont invit\u00e9s \u00e0 v\u00e9rifier les colis \u00e0 leur r\u00e9ception et \u00e0 notifier toute r\u00e9serve au transporteur, par lettre recommand\u00e9e, dans les trois jours ouvrables qui suivent la r\u00e9ception de la marchandise.<\/p><p><strong>Article 6&nbsp;:<\/strong><strong> Garanties l\u00e9gales \u2013 information pr\u00e9contractuelle<\/strong><\/p><p>Seul le client particulier b\u00e9n\u00e9ficie de garanties l\u00e9gales. Les garanties l\u00e9gales s&rsquo;appliquent ind\u00e9pendamment de la garantie commerciale \u00e9ventuellement consentie.<\/p><p>Conform\u00e9ment au droit Fran\u00e7ais, si vous \u00eates un consommateur au sens du Code de la Consommation et sous r\u00e9serve que le producteur soit le vendeur aupr\u00e8s duquel vous avez acquis le bien ou service, nous sommes tenus des d\u00e9fauts de conformit\u00e9 du bien au contrat dans les conditions de l&rsquo;article L. 211-4 et suivants du code de la consommation et des d\u00e9fauts cach\u00e9s de la chose vendue dans les conditions pr\u00e9vues aux articles 1641 et suivants du code civil.<\/p><p>Garantie l\u00e9gale de non-conformit\u00e9<\/p><p>Le vendeur est tenu de livrer un bien conforme au contrat et r\u00e9pond des d\u00e9fauts de conformit\u00e9 existants lors de la d\u00e9livrance. Il r\u00e9pond \u00e9galement des d\u00e9fauts de conformit\u00e9 r\u00e9sultant de l&#8217;emballage, des instructions de montage ou de l&rsquo;installation lorsque celle-ci a \u00e9t\u00e9 mise \u00e0 sa charge par le contrat ou a \u00e9t\u00e9 r\u00e9alis\u00e9e sous sa responsabilit\u00e9.<\/p><p>Pour \u00eatre conforme au Contrat, le bien doit :<\/p><p>1\u00b0 Etre propre \u00e0 l&rsquo;usage habituellement attendu d&rsquo;un bien semblable et, le cas \u00e9ch\u00e9ant, correspondre \u00e0 la description donn\u00e9e par le vendeur et poss\u00e9der les qualit\u00e9s que celui-ci a pr\u00e9sent\u00e9es \u00e0 l&rsquo;acheteur sous forme d&rsquo;\u00e9chantillon, pr\u00e9senter les qualit\u00e9s qu&rsquo;un acheteur peut l\u00e9gitimement attendre eu \u00e9gard aux d\u00e9clarations publiques faites par le vendeur, par le producteur ou par son repr\u00e9sentant, notamment dans la publicit\u00e9 ou l&rsquo;\u00e9tiquetage ;<\/p><p>2\u00b0 Ou pr\u00e9senter les caract\u00e9ristiques d\u00e9finies d&rsquo;un commun accord par les parties ou \u00eatre propre \u00e0 tout usage sp\u00e9cial recherch\u00e9 par l&rsquo;acheteur, port\u00e9 \u00e0 la connaissance du vendeur et que ce dernier a accept\u00e9.<\/p><p>L&rsquo;action r\u00e9sultant du d\u00e9faut de conformit\u00e9 se prescrit par deux (2) ans \u00e0 compter de la d\u00e9livrance du bien.<\/p><p>Vous pouvez choisir entre la r\u00e9paration ou le remplacement du bien, sous r\u00e9serve des conditions de co\u00fbt pr\u00e9vues par l&rsquo;article L. 211-9 du code de la consommation. Vous \u00eates dispens\u00e9s de rapporter la preuve de l&rsquo;existence du d\u00e9faut de conformit\u00e9 du bien durant les 24 mois suivant la d\u00e9livrance du bien<\/p><p>Garantie l\u00e9gale \u00e0 raison des d\u00e9fauts cach\u00e9s de la chose vendue (Vices cach\u00e9s)<\/p><p>Le vendeur est tenu de la garantie \u00e0 raison des d\u00e9fauts cach\u00e9s de la chose vendue qui la rendent impropre \u00e0 l&rsquo;usage auquel on la destine, ou qui diminuent tellement cet usage que l&rsquo;acheteur ne l&rsquo;aurait pas acquise, ou n&rsquo;en aurait donn\u00e9 qu&rsquo;un moindre prix, s&rsquo;il les avait connus.<\/p><p>L&rsquo;action r\u00e9sultant des vices r\u00e9dhibitoires doit \u00eatre intent\u00e9e par l&rsquo;acheteur dans un d\u00e9lai de 2 ans \u00e0 compter de la d\u00e9couverte du vice. Vous pourrez alors choisir entre la r\u00e9solution de la vente ou une r\u00e9duction du prix de vente conform\u00e9ment \u00e0 l\u2019article 1644 du code civil.<\/p><p><strong>Article 7&nbsp;:<\/strong><strong> M\u00e9diateur de la consommation \u2013 r\u00e8glement amiable des litiges<\/strong><\/p><p>En application de l\u2019article L. 612-1 du code de la consommation \u00ab&nbsp;tout consommateur a le droit de recourir gratuitement \u00e0 un m\u00e9diateur de la consommation en vue de la r\u00e9solution amiable du litige qui l&rsquo;oppose \u00e0 un professionnel&nbsp;\u00bb.<\/p><p>Sont concern\u00e9s les litiges nationaux et transfrontaliers de nature contractuelle portant sur l\u2019ex\u00e9cution d\u2019un contrat de vente ou de fourniture d\u2019un service, opposant un consommateur \u00e0 un professionnel.<\/p><p>Pour toute difficult\u00e9, nous vous invitons \u00e0 nous contacter prioritairement&nbsp;:<\/p><p>[SCEV Bruyen\u00a0; Champagne BRUYEN]<\/p><p>2 Route du moulin le comte<br>51700 Passy-Grigny<br>0670626994<br>contact@bruyen.com<\/p><p>Dans l\u2019ann\u00e9e qui suite votre demande aupr\u00e8s de notre entreprise, vous pourrez faire examiner le litige par un m\u00e9diateur de la consommation dont vous trouverez ci-apr\u00e8s les coordonn\u00e9es&nbsp;:<\/p><p>Centre de m\u00e9diation des conciliateurs de justice (CM2C)<\/p><p>14 rue Saint Jean 75017 Paris<br>Site internet&nbsp;: https:\/\/cm2c.net<br>cont@ct&nbsp;: cm2c@cm2c.net<\/p><p><strong>Article 7&nbsp;: donn\u00e9es personnelles &#8211; RGPD<\/strong><\/p><p>Nous nous engageons \u00e0 appliquer une politique de confidentialit\u00e9 qui prot\u00e8ge vos donn\u00e9es personnelles. Nous ne collectons et n&rsquo;utilisons que les donn\u00e9es personnelles n\u00e9cessaires dans le cadre de notre activit\u00e9 de commercialisation de champagne. Nous pouvons \u00eatre amen\u00e9s \u00e0 collecter diff\u00e9rentes cat\u00e9gories de donn\u00e9es personnelles aupr\u00e8s de vous, notamment:<\/p><ul class=\"wp-block-list\"><li> information d&rsquo;identification et de contact (nom, pr\u00e9nom, adresse postale et \u00e9lectronique)<\/li>\n\n<li>donn\u00e9es d&rsquo;identification et d&rsquo;authentification sur notre site (logs techniques, adresse IP, \u00e2ge)<\/li>\n\n<li>donn\u00e9es li\u00e9es \u00e0 vos habitudes et pr\u00e9f\u00e9rence de consommation de champagne ;<\/li>\n\n<li>donn\u00e9es relatives \u00e0 vos interactions avec nous (courriers, mails, sur notre site internet ou sur nos pages des r\u00e9seaux sociaux) ;<\/li><\/ul><ul class=\"wp-block-list\"><li>La collecte et le traitement de vos donn\u00e9es personnelles sont fond\u00e9s sur ;<\/li>\n\n<li>leur n\u00e9cessit\u00e9 afin d&rsquo;ex\u00e9cuter le contrat de vente que nous concluons avec vous ;<\/li>\n\n<li>le consentement au moment o\u00f9 vous nous les communiquez ;<\/li>\n\n<li>nos obligations l\u00e9gales relatives au commerce, et \u00e0 celui d&rsquo;alcool en particulier ;<\/li>\n\n<li>notre int\u00e9r\u00eat l\u00e9gitime \u00e0 conna\u00eetre nos clients et leurs pr\u00e9f\u00e9rences afin d&rsquo;accro\u00eetre nos ventes, personnaliser nos communications, optimiser notre gestion du risque et, \u00e9ventuellement, d\u00e9fendre nos int\u00e9r\u00eats en justice.<\/li><\/ul><p>Nous mettons en place les moyens organisationnels, logiciels, techniques et physiques, aptes \u00e0 assurer la confidentialit\u00e9 et la s\u00e9curit\u00e9 de vos donn\u00e9es personnelles, de mani\u00e8re \u00e0 emp\u00eacher leur endommagement, leur effacement ou leur acc\u00e8s par des tiers non autoris\u00e9s.<\/p><p>Nous conservons vos donn\u00e9es personnelles pour la plus longue des dur\u00e9es n\u00e9cessaires au respect des dispositions l\u00e9gales et r\u00e9glementaires applicables ou \u00e0 une autre dur\u00e9e compte tenu des contraintes op\u00e9rationnelles, de gestion et de la relation clients.<\/p><p>L&rsquo;acc\u00e8s \u00e0 vos donn\u00e9es est limit\u00e9 au personnel de notre exploitation viticole, lequel est soumis \u00e0 une obligation de confidentialit\u00e9 et ne peut utiliser vos donn\u00e9es qu&rsquo;en conformit\u00e9 avec nos dispositions contractuelles et la l\u00e9gislation applicable.<\/p><p>En dehors du transporteur qui devrait \u00e9ventuellement vous livrer vos commandes, nous nous engageons \u00e0 ne pas vendre, louer ni donner acc\u00e8s \u00e0 des tiers \u00e0 vos donn\u00e9es sans votre consentement pr\u00e9alable, \u00e0 moins d&rsquo;y \u00eatre contraints en raison d&rsquo;un motif l\u00e9gitime (obligation l\u00e9gale, lutte contre une fraude, exercice des droits de la d\u00e9fense, etc \u2026). Nous ne transf\u00e9rons pas non plus vos donn\u00e9es personnelles hors de l&rsquo;Union Europ\u00e9enne.<\/p><p>Conform\u00e9ment aux dispositions en vigueur de la loi \u00ab\u00a0informatique et libert\u00e9s\u00a0\u00bb du 6 janvier 1978&nbsp; et \u00e0 compter du 25 mai 2018, \u00e0 celles du r\u00e8glement europ\u00e9en n\u00b02016\/679\/UE du 27 avril 2016 sur la protection des personnes physiques \u00e0 l&rsquo;\u00e9gard du traitement des donn\u00e9es \u00e0 caract\u00e8re personnel et sur la libre circulation de celles-ci, vous b\u00e9n\u00e9ficiez d&rsquo;un droit d&rsquo;acc\u00e8s, de rectification, de portabilit\u00e9 et d&rsquo;effacement de vos donn\u00e9es, ou encore de limitations des traitements op\u00e9r\u00e9s sur ces m\u00eames donn\u00e9es.<\/p><p>Vous pouvez \u00e9galement, pour des motifs l\u00e9gitimes, vous opposer au traitement des donn\u00e9es vous concernant. Pour l&rsquo;exercice de vos droits vous pouvez vous adresser \u00e0 notre exploitation viticole par courrier ou par mail.<\/p><p>Vous pouvez introduire une r\u00e9clamation aupr\u00e8s de la CNIL si vous consid\u00e9rez que le traitement de donn\u00e9es \u00e0 caract\u00e8re personnel vous concernant constitue une violation \u00e0 la r\u00e8glementation. Si vous souhaitez avoir des informations suppl\u00e9mentaires sur vos droits, et plus particuli\u00e8rement sur ce dernier droit, dirigez-vous sur le site web de la Commission Nationale de l\u2019Informatique et des Libert\u00e9s.<\/p><p><strong>Article 8 : Responsabilit\u00e9 \u00e9largie des producteurs \u2013 recyclage des emballages m\u00e9nagers<\/strong><\/p><p>Aux fins de se conformer \u00e0 la r\u00e8glementation sur le recyclage des emballages m\u00e9nagers pesant sur les producteurs notre entreprise a adh\u00e9r\u00e9 \u00e0 une d\u00e9marche collective de la fili\u00e8re Champagne aupr\u00e8s de l\u2019\u00e9o-organisme agr\u00e9\u00e9 par l\u2019Etat, Adelphe.<\/p><p>Notre num\u00e9ro d\u2019identifiant unique d\u00e9livr\u00e9 par l\u2019autorit\u00e9 administrative en charge, l\u2019ADEME est le&nbsp;: FR246127_01QEKR.<\/p><p><strong>Article 9 : Loi applicable et juridiction comp\u00e9tente<\/strong><\/p><p>Nos ventes sont soumises \u00e0 la l\u00e9gislation fran\u00e7aise.<\/p><p>Il est express\u00e9ment attribu\u00e9 comp\u00e9tence aux tribunaux du domicile du vendeur.<\/p><p>&#8212;&#8212;&#8212;&#8212;&#8212;&#8212;&#8212;&#8212;&#8212;&#8212;&#8212;&#8212;&#8212;&#8212;&#8212;&#8212;&#8212;&#8212;&#8212;&#8212;&#8212;&#8212;&#8212;&#8212;&#8212;&#8212;&#8212;&#8212;&#8212;&#8212;<\/p><p>FORMULAIRE DE R\u00c9TRACTATION<\/p><p>Veuillez compl\u00e9ter et renvoyer ce formulaire uniquement si vous souhaitez vous r\u00e9tracter du contrat.<\/p><p>Champagne \u2026\u2026\u2026&#8230;&#8230;&#8230;&#8230;&#8230;&#8230;&#8230;&#8230;&#8230;&#8230;&#8230;&#8230;&#8230;&#8230;&#8230;&#8230;&#8230;&#8230;&#8230;&#8230;&#8230;<\/p><p>[adresse]<\/p><p>[n\u00b0 t\u00e9l, mail]<\/p><p>Je vous notifie par la pr\u00e9sente ma r\u00e9tractation du contrat portant sur la vente de<\/p><p>bouteilles de champagne d\u00e9taill\u00e9 ci-dessous :<\/p><p>\u2026&#8230;. bouteilles au prix de \u2026\u2026\u2026\u2026\u2026 \u20ac command\u00e9es le \u2026\u2026\/\u2026\u2026\/202\u2026.. et re\u00e7ues le \u2026\u2026..\/\u2026\u2026\u2026.\/202\u2026\u2026.<\/p><p>Nom du consommateur&nbsp;: \u2026\u2026\u2026\u2026\u2026\u2026\u2026\u2026\u2026\u2026\u2026\u2026\u2026\u2026\u2026\u2026\u2026\u2026\u2026\u2026\u2026\u2026..<\/p><p>Adresse&nbsp;: \u2026\u2026\u2026\u2026\u2026\u2026\u2026\u2026\u2026\u2026\u2026\u2026\u2026\u2026\u2026\u2026\u2026\u2026\u2026\u2026\u2026\u2026\u2026\u2026\u2026\u2026\u2026\u2026..<\/p><p>\u2026\u2026\u2026\u2026\u2026\u2026\u2026\u2026\u2026\u2026\u2026\u2026\u2026\u2026\u2026\u2026\u2026\u2026\u2026\u2026\u2026\u2026\u2026\u2026\u2026\u2026\u2026\u2026\u2026\u2026\u2026\u2026.<\/p><p>Signature (uniquement en cas d\u2019envoi du formulaire version papier)<\/p><p>&#8212;&#8212;&#8212;&#8212;&#8212;&#8212;&#8212;&#8212;&#8212;&#8212;&#8212;&#8212;&#8212;&#8212;&#8212;&#8212;&#8212;&#8212;&#8212;&#8212;&#8212;&#8212;&#8212;&#8212;&#8212;&#8212;&#8212;&#8212;&#8212;&#8212;-<\/p>","protected":false},"excerpt":{"rendered":"<p>CGV \u2013 FRANCE &#8211; PARTICULIERS ET PROFESSIONNELS Article 1 : Champ d\u2019application Toutes nos ventes de bouteilles de vin AOC Champagne, de Coteaux Champenois et de Ratafia sont r\u00e9gies par les pr\u00e9sentes conditions g\u00e9n\u00e9rales de vente qui pr\u00e9valent sur toute condition d\u2019achat, sauf stipulation d\u00e9rogatoire expresse. Article 2 : Prix Les prix applicables sont ceux [&hellip;]<\/p>\n","protected":false},"author":1,"featured_media":0,"parent":0,"menu_order":0,"comment_status":"closed","ping_status":"closed","template":"","meta":{"_acf_changed":false,"footnotes":""},"class_list":["post-1825","page","type-page","status-publish","hentry"],"acf":[],"lang":"fr","translations":{"fr":1825},"pll_sync_post":[],"_links":{"self":[{"href":"https:\/\/bruyen.com\/index.php?rest_route=\/wp\/v2\/pages\/1825","targetHints":{"allow":["GET"]}}],"collection":[{"href":"https:\/\/bruyen.com\/index.php?rest_route=\/wp\/v2\/pages"}],"about":[{"href":"https:\/\/bruyen.com\/index.php?rest_route=\/wp\/v2\/types\/page"}],"author":[{"embeddable":true,"href":"https:\/\/bruyen.com\/index.php?rest_route=\/wp\/v2\/users\/1"}],"replies":[{"embeddable":true,"href":"https:\/\/bruyen.com\/index.php?rest_route=%2Fwp%2Fv2%2Fcomments&post=1825"}],"version-history":[{"count":6,"href":"https:\/\/bruyen.com\/index.php?rest_route=\/wp\/v2\/pages\/1825\/revisions"}],"predecessor-version":[{"id":2493,"href":"https:\/\/bruyen.com\/index.php?rest_route=\/wp\/v2\/pages\/1825\/revisions\/2493"}],"wp:attachment":[{"href":"https:\/\/bruyen.com\/index.php?rest_route=%2Fwp%2Fv2%2Fmedia&parent=1825"}],"curies":[{"name":"wp","href":"https:\/\/api.w.org\/{rel}","templated":true}]}}